{"id":606,"date":"2024-06-10T19:19:25","date_gmt":"2024-06-11T00:19:25","guid":{"rendered":"https:\/\/ceada.net\/?page_id=606"},"modified":"2026-05-05T06:44:27","modified_gmt":"2026-05-05T11:44:27","slug":"blog","status":"publish","type":"page","link":"https:\/\/ceada.net\/index.php\/blog\/","title":{"rendered":"Blog"},"content":{"rendered":"\t\t<div data-elementor-type=\"wp-page\" data-elementor-id=\"606\" class=\"elementor elementor-606\">\n\t\t\t\t\t\t<section class=\"elementor-section elementor-top-section elementor-element elementor-element-93d20da elementor-section-boxed elementor-section-height-default elementor-section-height-default wpr-particle-no wpr-jarallax-no wpr-parallax-no wpr-sticky-section-no wpr-equal-height-no\" data-id=\"93d20da\" data-element_type=\"section\" data-settings=\"{&quot;background_background&quot;:&quot;classic&quot;}\">\n\t\t\t\t\t\t\t<div class=\"elementor-background-overlay\"><\/div>\n\t\t\t\t\t\t\t<div class=\"elementor-container elementor-column-gap-no\">\n\t\t\t\t\t<div class=\"elementor-column elementor-col-100 elementor-top-column elementor-element elementor-element-a577caa\" data-id=\"a577caa\" data-element_type=\"column\">\n\t\t\t<div class=\"elementor-widget-wrap elementor-element-populated\">\n\t\t\t\t\t\t<div class=\"elementor-element elementor-element-cd9ab7f elementor-icon-list--layout-inline elementor-tablet-align-center elementor-list-item-link-full_width elementor-widget elementor-widget-icon-list\" data-id=\"cd9ab7f\" data-element_type=\"widget\" data-widget_type=\"icon-list.default\">\n\t\t\t\t<div class=\"elementor-widget-container\">\n\t\t\t\t\t<ul class=\"elementor-icon-list-items elementor-inline-items\">\n\t\t\t\t\t\t\t<li class=\"elementor-icon-list-item elementor-inline-item\">\n\t\t\t\t\t\t\t\t\t\t\t<a href=\"#\">\n\n\t\t\t\t\t\t\t\t\t\t\t<span class=\"elementor-icon-list-text\">Home<\/span>\n\t\t\t\t\t\t\t\t\t\t\t<\/a>\n\t\t\t\t\t\t\t\t\t<\/li>\n\t\t\t\t\t\t\t\t<li class=\"elementor-icon-list-item elementor-inline-item\">\n\t\t\t\t\t\t\t\t\t\t<span class=\"elementor-icon-list-text\">Blogs<\/span>\n\t\t\t\t\t\t\t\t\t<\/li>\n\t\t\t\t\t\t<\/ul>\n\t\t\t\t<\/div>\n\t\t\t\t<\/div>\n\t\t\t\t<div class=\"elementor-element elementor-element-0d38e2c elementor-widget elementor-widget-heading\" data-id=\"0d38e2c\" data-element_type=\"widget\" data-widget_type=\"heading.default\">\n\t\t\t\t<div class=\"elementor-widget-container\">\n\t\t\t<h1 class=\"elementor-heading-title elementor-size-default\">Blogs<\/h1>\t\t<\/div>\n\t\t\t\t<\/div>\n\t\t\t\t\t<\/div>\n\t\t<\/div>\n\t\t\t\t\t<\/div>\n\t\t<\/section>\n\t\t\t\t<section class=\"elementor-section elementor-top-section elementor-element elementor-element-44981203 elementor-section-boxed elementor-section-height-default elementor-section-height-default wpr-particle-no wpr-jarallax-no wpr-parallax-no wpr-sticky-section-no wpr-equal-height-no\" data-id=\"44981203\" data-element_type=\"section\">\n\t\t\t\t\t\t<div class=\"elementor-container elementor-column-gap-default\">\n\t\t\t\t\t<div class=\"elementor-column elementor-col-100 elementor-top-column elementor-element elementor-element-4b620896\" data-id=\"4b620896\" data-element_type=\"column\">\n\t\t\t<div class=\"elementor-widget-wrap\">\n\t\t\t\t\t\t\t<\/div>\n\t\t<\/div>\n\t\t\t\t\t<\/div>\n\t\t<\/section>\n\t\t<div class=\"elementor-element elementor-element-abe72aa e-flex e-con-boxed wpr-particle-no wpr-jarallax-no wpr-parallax-no wpr-sticky-section-no wpr-equal-height-no e-con e-parent\" data-id=\"abe72aa\" data-element_type=\"container\">\n\t\t\t\t\t<div class=\"e-con-inner\">\n\t\t<div class=\"elementor-element elementor-element-eafd255 e-con-full e-flex wpr-particle-no wpr-jarallax-no wpr-parallax-no wpr-sticky-section-no wpr-equal-height-no e-con e-child\" data-id=\"eafd255\" data-element_type=\"container\">\n\t\t\t\t<div class=\"elementor-element elementor-element-3dd0d2c wpr-grid-columns-1 wpr-grid-columns--tablet1 wpr-grid-columns--mobile1 wpr-grid-pagination-center wpr-item-styles-inner elementor-widget elementor-widget-wpr-grid\" data-id=\"3dd0d2c\" data-element_type=\"widget\" data-widget_type=\"wpr-grid.default\">\n\t\t\t\t<div class=\"elementor-widget-container\">\n\t\t\t<ul class=\"wpr-grid-filters elementor-clearfix wpr-grid-filters-sep-right\"><li class=\" wpr-pointer-none wpr-pointer-line-fx wpr-pointer-fx-none\"><span  data-filter=\"*\" class=\"wpr-grid-filters-item wpr-active-filter \">All Posts<\/span><em class=\"wpr-grid-filters-sep\"><\/em><\/li><li data-role=\"parent\" class=\" wpr-pointer-none wpr-pointer-line-fx wpr-pointer-fx-none\"><span   data-ajax-filter=[\"category\",\"programs\"]  data-filter=\".category-programs\">Programs<\/span><em class=\"wpr-grid-filters-sep\"><\/em><\/li><li class=\" wpr-pointer-none wpr-pointer-line-fx wpr-pointer-fx-none\"><span   data-ajax-filter=[\"category\",\"sin-categoria\"]  data-filter=\".category-sin-categoria\">Sin categor\u00eda<\/span><em class=\"wpr-grid-filters-sep\"><\/em><\/li><ul data-parent=\".category-programs\" class=\"wpr-sub-filters\"><li data-role=\"back\" class=\" wpr-pointer-none wpr-pointer-line-fx wpr-pointer-fx-none\"><span class=\"wpr-back-filter\"  data-ajax-filter=[\"category\",\"programs\"]  data-filter=\".category-programs\"><i class=\"fas fa-long-arrow-alt-left\"><\/i>&nbsp;&nbsp;Back<\/span><\/li><li data-role=\"sub\" class=\" wpr-pointer-none wpr-pointer-line-fx wpr-pointer-fx-none\"><span   data-ajax-filter=[\"category\",\"multilingual-afro-communities\"]  data-filter=\".category-multilingual-afro-communities\">Multilingual Afro-Communities<\/span><em class=\"wpr-grid-filters-sep\"><\/em><\/li><\/ul><\/ul><section class=\"wpr-grid elementor-clearfix\" data-settings=\"{&quot;layout&quot;:&quot;masonry&quot;,&quot;stick_last_element_to_bottom&quot;:&quot;no&quot;,&quot;columns_desktop&quot;:&quot;1&quot;,&quot;gutter_hr&quot;:30,&quot;gutter_hr_mobile&quot;:30,&quot;gutter_hr_mobile_extra&quot;:30,&quot;gutter_hr_tablet&quot;:30,&quot;gutter_hr_tablet_extra&quot;:30,&quot;gutter_hr_laptop&quot;:30,&quot;gutter_hr_widescreen&quot;:30,&quot;gutter_vr&quot;:30,&quot;gutter_vr_mobile&quot;:30,&quot;gutter_vr_mobile_extra&quot;:30,&quot;gutter_vr_tablet&quot;:30,&quot;gutter_vr_tablet_extra&quot;:30,&quot;gutter_vr_laptop&quot;:30,&quot;gutter_vr_widescreen&quot;:30,&quot;animation&quot;:&quot;default&quot;,&quot;animation_duration&quot;:0.3,&quot;animation_delay&quot;:0.1,&quot;deeplinking&quot;:&quot;&quot;,&quot;filters_linkable&quot;:&quot;no&quot;,&quot;filters_default_filter&quot;:&quot;&quot;,&quot;filters_count&quot;:&quot;&quot;,&quot;filters_hide_empty&quot;:&quot;no&quot;,&quot;filters_animation&quot;:&quot;default&quot;,&quot;filters_animation_duration&quot;:0.3,&quot;filters_animation_delay&quot;:0.1,&quot;pagination_type&quot;:&quot;load-more&quot;,&quot;pagination_max_pages&quot;:1,&quot;lightbox&quot;:{&quot;selector&quot;:&quot;.wpr-grid-image-wrap&quot;,&quot;iframeMaxWidth&quot;:&quot;60%&quot;,&quot;hash&quot;:false,&quot;autoplay&quot;:&quot;true&quot;,&quot;pause&quot;:5000,&quot;progressBar&quot;:&quot;true&quot;,&quot;counter&quot;:&quot;true&quot;,&quot;controls&quot;:&quot;true&quot;,&quot;getCaptionFromTitleOrAlt&quot;:&quot;true&quot;,&quot;thumbnail&quot;:&quot;&quot;,&quot;showThumbByDefault&quot;:&quot;&quot;,&quot;share&quot;:&quot;&quot;,&quot;zoom&quot;:&quot;true&quot;,&quot;fullScreen&quot;:&quot;true&quot;,&quot;download&quot;:&quot;true&quot;}}\" data-advanced-filters=\"no\"><article class=\"wpr-grid-item elementor-clearfix post-2715 post type-post status-publish format-standard has-post-thumbnail hentry category-multilingual-afro-communities category-programs category-sin-categoria\"><div class=\"wpr-grid-item-inner\"><div class=\"wpr-grid-media-wrap wpr-effect-size-medium \" data-overlay-link=\"yes\"><div class=\"wpr-grid-image-wrap\" data-src=\"https:\/\/ceada.net\/wp-content\/uploads\/2024\/09\/WhatsApp-Image-2024-09-29-at-3.17.24-PM-e1727642687547.jpeg\" data-img-on-hover=\"\"  data-src-secondary=\"\"><img decoding=\"async\" data-no-lazy=\"1\" src=\"https:\/\/ceada.net\/wp-content\/uploads\/2024\/09\/WhatsApp-Image-2024-09-29-at-3.17.24-PM-e1727642687547.jpeg\" alt=\"Three Rural Pacific Coast Students Awarded Scholarships and Secured Housing at Fundaci\u00f3n Jaime Ben\u00edtez Tob\u00f3n in Bogot\u00e1\" class=\"wpr-anim-timing-ease-default\"><\/div><div class=\"wpr-grid-media-hover wpr-animation-wrap\"><div class=\"wpr-grid-media-hover-bg  wpr-overlay-fade-in wpr-anim-size-large wpr-anim-timing-ease-default wpr-anim-transparency\" data-url=\"https:\/\/ceada.net\/index.php\/2024\/08\/01\/three-rural-pacific-coast-students-awarded-scholarships-and-secured-housing-at-fundacion-jaime-benitez-tobon-in-bogota\/\"><\/div><\/div><\/div><div class=\"wpr-grid-item-below-content elementor-clearfix\"><h2 class=\"wpr-grid-item-title elementor-repeater-item-fa6628f wpr-grid-item-display-block wpr-grid-item-align-left wpr-pointer-none wpr-pointer-line-fx wpr-pointer-fx-fade\"><div class=\"inner-block\"><a target=\"_self\"  href=\"https:\/\/ceada.net\/index.php\/2024\/08\/01\/three-rural-pacific-coast-students-awarded-scholarships-and-secured-housing-at-fundacion-jaime-benitez-tobon-in-bogota\/\">Three Rural Pacific Coast Students Awarded Scholarships and Secured Housing at Fundaci\u00f3n Jaime Ben\u00edtez Tob\u00f3n in Bogot\u00e1<\/a><\/div><\/h2><div class=\"wpr-grid-item-date elementor-repeater-item-042dafc wpr-grid-item-display-inline wpr-grid-item-align-left\"><div class=\"inner-block\"><span>1 agosto, 2024<span class=\"wpr-grid-extra-text-right\">\/<\/span><\/span><\/div><\/div><div class=\"wpr-grid-item-excerpt elementor-repeater-item-514ab4f wpr-grid-item-display-block wpr-grid-item-align-left\"><div class=\"inner-block\"><p>CEADA is proud to announce that three exceptional students from rural areas of Colombia\u2019s Pacific coast have received scholarships to study bilingual education at Universidad \u00daNICA in Bogot\u00e1 and secured...<\/p><\/div><\/div><div class=\"wpr-grid-item-read-more elementor-repeater-item-7906ce0 wpr-grid-item-display-block wpr-grid-item-align-left\"><div class=\"inner-block\"><a target=\"_self\" href=\"https:\/\/ceada.net\/index.php\/2024\/08\/01\/three-rural-pacific-coast-students-awarded-scholarships-and-secured-housing-at-fundacion-jaime-benitez-tobon-in-bogota\/\" class=\"wpr-button-effect wpr-button-none\"><span>Read More<\/span><\/a><\/div><\/div><\/div><\/div><\/article><article class=\"wpr-grid-item elementor-clearfix post-2703 post type-post status-publish format-standard has-post-thumbnail hentry category-multilingual-afro-communities category-programs category-sin-categoria\"><div class=\"wpr-grid-item-inner\"><div class=\"wpr-grid-media-wrap wpr-effect-size-medium \" data-overlay-link=\"yes\"><div class=\"wpr-grid-image-wrap\" data-src=\"https:\/\/ceada.net\/wp-content\/uploads\/2024\/09\/WhatsApp-Image-2024-09-29-at-3.02.45-PM.jpeg\" data-img-on-hover=\"\"  data-src-secondary=\"\"><img decoding=\"async\" data-no-lazy=\"1\" src=\"https:\/\/ceada.net\/wp-content\/uploads\/2024\/09\/WhatsApp-Image-2024-09-29-at-3.02.45-PM.jpeg\" alt=\"Three Pacific Coast Students Awarded Scholarships to Study Bilingual Education in Bogot\u00e1\" class=\"wpr-anim-timing-ease-default\"><\/div><div class=\"wpr-grid-media-hover wpr-animation-wrap\"><div class=\"wpr-grid-media-hover-bg  wpr-overlay-fade-in wpr-anim-size-large wpr-anim-timing-ease-default wpr-anim-transparency\" data-url=\"https:\/\/ceada.net\/index.php\/2024\/07\/01\/three-pacific-coast-students-awarded-scholarships-to-study-bilingual-education-in-bogota\/\"><\/div><\/div><\/div><div class=\"wpr-grid-item-below-content elementor-clearfix\"><h2 class=\"wpr-grid-item-title elementor-repeater-item-fa6628f wpr-grid-item-display-block wpr-grid-item-align-left wpr-pointer-none wpr-pointer-line-fx wpr-pointer-fx-fade\"><div class=\"inner-block\"><a target=\"_self\"  href=\"https:\/\/ceada.net\/index.php\/2024\/07\/01\/three-pacific-coast-students-awarded-scholarships-to-study-bilingual-education-in-bogota\/\">Three Pacific Coast Students Awarded Scholarships to Study Bilingual Education in Bogot\u00e1<\/a><\/div><\/h2><div class=\"wpr-grid-item-date elementor-repeater-item-042dafc wpr-grid-item-display-inline wpr-grid-item-align-left\"><div class=\"inner-block\"><span>1 julio, 2024<span class=\"wpr-grid-extra-text-right\">\/<\/span><\/span><\/div><\/div><div class=\"wpr-grid-item-comments elementor-repeater-item-29cce5a wpr-grid-item-display-inline wpr-grid-item-align-left\"><div class=\"inner-block\"><a href=\"https:\/\/ceada.net\/index.php\/2024\/07\/01\/three-pacific-coast-students-awarded-scholarships-to-study-bilingual-education-in-bogota\/#comments\"><span>1&nbsp;Comment<\/span><\/a><\/div><\/div><div class=\"wpr-grid-item-excerpt elementor-repeater-item-514ab4f wpr-grid-item-display-block wpr-grid-item-align-left\"><div class=\"inner-block\"><p>CEADA, a civil society organization dedicated to promoting social and academic mobility for Afro-descendant communities, proudly announces that three outstanding students from Colombia\u2019s Pacific coast have been awarded scholarships to...<\/p><\/div><\/div><div class=\"wpr-grid-item-read-more elementor-repeater-item-7906ce0 wpr-grid-item-display-block wpr-grid-item-align-left\"><div class=\"inner-block\"><a target=\"_self\" href=\"https:\/\/ceada.net\/index.php\/2024\/07\/01\/three-pacific-coast-students-awarded-scholarships-to-study-bilingual-education-in-bogota\/\" class=\"wpr-button-effect wpr-button-none\"><span>Read More<\/span><\/a><\/div><\/div><\/div><\/div><\/article><\/section>\t\t<\/div>\n\t\t\t\t<\/div>\n\t\t\t\t<\/div>\n\t\t<div class=\"elementor-element elementor-element-eb79b55 e-con-full e-flex wpr-particle-no wpr-jarallax-no wpr-parallax-no wpr-sticky-section-no wpr-equal-height-no e-con e-child\" data-id=\"eb79b55\" data-element_type=\"container\">\n\t\t\t\t<\/div>\n\t\t\t\t\t<\/div>\n\t\t\t\t<\/div>\n\t\t\t\t<\/div>\n\t\t","protected":false},"excerpt":{"rendered":"<p>Home Blogs Blogs All Posts Programs Sin categor\u00eda &nbsp;&nbsp;Back Multilingual Afro-Communities Three Rural Pacific Coast Students Awarded Scholarships and Secured Housing at Fundaci\u00f3n Jaime Ben\u00edtez Tob\u00f3n in Bogot\u00e1 1 agosto, 2024\/ CEADA is proud to announce that three exceptional students from rural areas of Colombia\u2019s Pacific coast have received scholarships to study bilingual education at Universidad \u00daNICA in Bogot\u00e1 and secured&#8230; Read More Three Pacific Coast Students Awarded Scholarships to Study Bilingual Education in Bogot\u00e1 1 julio, 2024\/1&nbsp;Comment CEADA, a civil society organization dedicated to promoting social and academic mobility for Afro-descendant communities, proudly announces that three outstanding students from Colombia\u2019s Pacific coast have been awarded scholarships to&#8230; Read More<\/p>\n","protected":false},"author":1,"featured_media":0,"parent":0,"menu_order":0,"comment_status":"closed","ping_status":"closed","template":"elementor_header_footer","meta":{"footnotes":""},"_links":{"self":[{"href":"https:\/\/ceada.net\/index.php\/wp-json\/wp\/v2\/pages\/606"}],"collection":[{"href":"https:\/\/ceada.net\/index.php\/wp-json\/wp\/v2\/pages"}],"about":[{"href":"https:\/\/ceada.net\/index.php\/wp-json\/wp\/v2\/types\/page"}],"author":[{"embeddable":true,"href":"https:\/\/ceada.net\/index.php\/wp-json\/wp\/v2\/users\/1"}],"replies":[{"embeddable":true,"href":"https:\/\/ceada.net\/index.php\/wp-json\/wp\/v2\/comments?post=606"}],"version-history":[{"count":121,"href":"https:\/\/ceada.net\/index.php\/wp-json\/wp\/v2\/pages\/606\/revisions"}],"predecessor-version":[{"id":3177,"href":"https:\/\/ceada.net\/index.php\/wp-json\/wp\/v2\/pages\/606\/revisions\/3177"}],"wp:attachment":[{"href":"https:\/\/ceada.net\/index.php\/wp-json\/wp\/v2\/media?parent=606"}],"curies":[{"name":"wp","href":"https:\/\/api.w.org\/{rel}","templated":true}]}}